{"id":3,"date":"2023-10-14T17:45:32","date_gmt":"2023-10-14T17:45:32","guid":{"rendered":"https:\/\/persopet.lt\/?page_id=3"},"modified":"2023-10-27T21:14:37","modified_gmt":"2023-10-27T21:14:37","slug":"privacy-policy","status":"publish","type":"page","link":"https:\/\/persopet.lt\/?page_id=3","title":{"rendered":"Privatumo nuostatos"},"content":{"rendered":"\n<p class=\"has-medium-font-size\"><strong>Bendri Principai<\/strong><\/p>\n\n\n\n<p>PersoPet.lt labai vertina J\u016bs\u0173 privatum\u0105 ir atid\u017eiai tvarko vis\u0105 informacij\u0105, kuri mums yra patik\u0117ta. Prie\u0161 pateikiant u\u017esakym\u0105, pra\u0161ome atid\u017eiai perskaityti \u0161ias direktyvas.<\/p>\n\n\n\n<p>Mes pasiliekame teis\u0119 koreguoti \u0161ias direktyvas bet kada, tod\u0117l si\u016blome jas per\u017ei\u016br\u0117ti kiekvien\u0105 kart\u0105, kai lankot\u0117s m\u016bs\u0173 elektronin\u0117je parduotuv\u0117je. Naudodamiesi m\u016bs\u0173 svetaine, J\u016bs patvirtinate, kad sutinkate su \u0161iomis privatumo direktyvomis.<\/p>\n\n\n\n<p class=\"has-medium-font-size\"><strong>Duomen\u0173 Rinkimas<\/strong><\/p>\n\n\n\n<p>Informacija tokia kaip vardas, pavard\u0117, gyvenamoji vieta, el. pa\u0161to adresas ir telefono numeris yra b\u016btina norint patvirtinti ir \u012fvykdyti J\u016bs\u0173 u\u017esakym\u0105.<\/p>\n\n\n\n<p>Mes nesidaliname J\u016bs\u0173 informacija su tre\u010diosiomis \u0161alimis, kurios n\u0117ra tiesiogiai susijusios su J\u016bs\u0173 u\u017esakymo vykdymu. J\u016bs\u0173 asmeniniai duomenys saugomi tik m\u016bs\u0173 duomen\u0173 baz\u0117je ir naudojami tik konkre\u010diais, nurodytais tikslais, tokiomis kaip paslaug\u0173 teikimas ar susisiekimas su Jumis.<\/p>\n\n\n\n<p class=\"has-medium-font-size\"><strong>Duomen\u0173 Valdymas ir Apsauga<\/strong><\/p>\n\n\n\n<p>Mes taikome tinkamas saugumo priemones, kad apsaugotume J\u016bs\u0173 pateiktus duomenis nuo neteis\u0117to prisijungimo arba neteis\u0117to duomen\u0173 pakeitimo. Verta pamin\u0117ti, jog mes niekada nesiun\u010diame el. lai\u0161k\u0173, kuriuose pra\u0161ome slapta\u017eod\u017eio ar kitos jautrios informacijos.<\/p>\n\n\n\n<p class=\"has-medium-font-size\"><strong>Direktyv\u0173 Atnaujinimai<\/strong><\/p>\n\n\n\n<p>PersoPet.lt pasilieka teis\u0119, bet kada atnaujinti \u0161ias privatumo direktyvas. Svetain\u0117s naudojimas po toki\u0173 pakeitim\u0173 laikomas sutikimu su atnaujintomis taisykl\u0117mis.<\/p>\n\n\n\n<p class=\"has-medium-font-size\"><strong>Teisiniai Aspektai<\/strong><\/p>\n\n\n\n<p>Visi gin\u010dai ir nesutarimai yra sprend\u017eiami per derybas. Jei derybos nes\u0117kmingos, klausimai sprend\u017eiami pagal Lietuvos Respublikos \u012fstatymus.<\/p>\n","protected":false},"excerpt":{"rendered":"<p>Bendri Principai PersoPet.lt labai vertina J\u016bs\u0173 privatum\u0105 ir atid\u017eiai tvarko vis\u0105 informacij\u0105, kuri mums yra patik\u0117ta. Prie\u0161 pateikiant u\u017esakym\u0105, pra\u0161ome atid\u017eiai perskaityti \u0161ias direktyvas. Mes pasiliekame teis\u0119 koreguoti \u0161ias direktyvas bet kada, tod\u0117l si\u016blome jas per\u017ei\u016br\u0117ti kiekvien\u0105 kart\u0105, kai lankot\u0117s m\u016bs\u0173 elektronin\u0117je parduotuv\u0117je. Naudodamiesi m\u016bs\u0173 svetaine, J\u016bs patvirtinate, kad sutinkate su \u0161iomis privatumo direktyvomis. Duomen\u0173&#8230;<\/p>\n","protected":false},"author":1,"featured_media":0,"parent":0,"menu_order":0,"comment_status":"closed","ping_status":"closed","template":"","meta":{"om_disable_all_campaigns":false,"_monsterinsights_skip_tracking":false,"_monsterinsights_sitenote_active":false,"_monsterinsights_sitenote_note":"","_monsterinsights_sitenote_category":0,"_kad_post_transparent":"","_kad_post_title":"","_kad_post_layout":"","_kad_post_sidebar_id":"","_kad_post_content_style":"","_kad_post_vertical_padding":"","_kad_post_feature":"","_kad_post_feature_position":"","_kad_post_header":false,"_kad_post_footer":false,"footnotes":""},"jetpack_sharing_enabled":true,"_links":{"self":[{"href":"https:\/\/persopet.lt\/index.php?rest_route=\/wp\/v2\/pages\/3"}],"collection":[{"href":"https:\/\/persopet.lt\/index.php?rest_route=\/wp\/v2\/pages"}],"about":[{"href":"https:\/\/persopet.lt\/index.php?rest_route=\/wp\/v2\/types\/page"}],"author":[{"embeddable":true,"href":"https:\/\/persopet.lt\/index.php?rest_route=\/wp\/v2\/users\/1"}],"replies":[{"embeddable":true,"href":"https:\/\/persopet.lt\/index.php?rest_route=%2Fwp%2Fv2%2Fcomments&post=3"}],"version-history":[{"count":2,"href":"https:\/\/persopet.lt\/index.php?rest_route=\/wp\/v2\/pages\/3\/revisions"}],"predecessor-version":[{"id":1537,"href":"https:\/\/persopet.lt\/index.php?rest_route=\/wp\/v2\/pages\/3\/revisions\/1537"}],"wp:attachment":[{"href":"https:\/\/persopet.lt\/index.php?rest_route=%2Fwp%2Fv2%2Fmedia&parent=3"}],"curies":[{"name":"wp","href":"https:\/\/api.w.org\/{rel}","templated":true}]}}